{"id":113,"date":"2022-12-28T18:39:59","date_gmt":"2022-12-28T18:39:59","guid":{"rendered":"http:\/\/gesflex.com\/?page_id=113"},"modified":"2022-12-29T17:42:08","modified_gmt":"2022-12-29T17:42:08","slug":"cobranca","status":"publish","type":"page","link":"https:\/\/gesflex.com\/?page_id=113","title":{"rendered":"Cobran\u00e7a"},"content":{"rendered":"\t\t<div data-elementor-type=\"wp-page\" data-elementor-id=\"113\" class=\"elementor elementor-113\">\n\t\t\t\t\t\t\t\t\t<section class=\"elementor-section elementor-top-section elementor-element elementor-element-5d693cb elementor-section-boxed elementor-section-height-default elementor-section-height-default\" data-id=\"5d693cb\" data-element_type=\"section\">\n\t\t\t\t\t\t<div class=\"elementor-container elementor-column-gap-default\">\n\t\t\t\t\t<div class=\"elementor-column elementor-col-100 elementor-top-column elementor-element elementor-element-f0c09bb\" data-id=\"f0c09bb\" data-element_type=\"column\">\n\t\t\t<div class=\"elementor-widget-wrap elementor-element-populated\">\n\t\t\t\t\t\t\t\t<div class=\"elementor-element elementor-element-e278f2b elementor-widget elementor-widget-text-editor\" data-id=\"e278f2b\" data-element_type=\"widget\" data-widget_type=\"text-editor.default\">\n\t\t\t\t<div class=\"elementor-widget-container\">\n\t\t\t<style>\/*! elementor - v3.9.2 - 21-12-2022 *\/\n.elementor-widget-text-editor.elementor-drop-cap-view-stacked .elementor-drop-cap{background-color:#818a91;color:#fff}.elementor-widget-text-editor.elementor-drop-cap-view-framed .elementor-drop-cap{color:#818a91;border:3px solid;background-color:transparent}.elementor-widget-text-editor:not(.elementor-drop-cap-view-default) .elementor-drop-cap{margin-top:8px}.elementor-widget-text-editor:not(.elementor-drop-cap-view-default) .elementor-drop-cap-letter{width:1em;height:1em}.elementor-widget-text-editor .elementor-drop-cap{float:left;text-align:center;line-height:1;font-size:50px}.elementor-widget-text-editor .elementor-drop-cap-letter{display:inline-block}<\/style>\t\t\t\t<h3>Procedimentos de cobran\u00e7a:<\/h3>\n<p>Trata-se de uma parte essencial do neg\u00f3cio, mas poucos profissionais gostam de executar.<\/p>\n<p>Engenheiros tiveram que lidar com uma s\u00e9rie de temas complexos na universidade, mas dificilmente tiveram uma \u00e1rea sobre como cobrar os seus clientes.<\/p>\n<p>A sorte desses profissionais \u00e9 que estamos falando de um servi\u00e7o de simples terceiriza\u00e7\u00e3o, e normalmente \u00e9 mais eficaz e econ\u00f4mico deixar essa tarefa nas m\u00e3os de uma empresa especializada do que investir tempo e pessoal da pr\u00f3pria empresa para o servi\u00e7o em quest\u00e3o.<\/p>\t\t\t\t\t\t<\/div>\n\t\t\t\t<\/div>\n\t\t\t\t\t<\/div>\n\t\t<\/div>\n\t\t\t\t\t\t\t<\/div>\n\t\t<\/section>\n\t\t\t\t<section class=\"elementor-section elementor-top-section elementor-element elementor-element-185b79c elementor-section-boxed elementor-section-height-default elementor-section-height-default\" data-id=\"185b79c\" data-element_type=\"section\">\n\t\t\t\t\t\t<div class=\"elementor-container elementor-column-gap-default\">\n\t\t\t\t\t<div class=\"elementor-column elementor-col-100 elementor-top-column elementor-element elementor-element-b16bacf\" data-id=\"b16bacf\" data-element_type=\"column\">\n\t\t\t<div class=\"elementor-widget-wrap elementor-element-populated\">\n\t\t\t\t\t\t\t\t<div class=\"elementor-element elementor-element-3da1633 elementor-position-left elementor-vertical-align-top elementor-widget elementor-widget-image-box\" data-id=\"3da1633\" data-element_type=\"widget\" data-widget_type=\"image-box.default\">\n\t\t\t\t<div class=\"elementor-widget-container\">\n\t\t\t<style>\/*! elementor - v3.9.2 - 21-12-2022 *\/\n.elementor-widget-image-box .elementor-image-box-content{width:100%}@media (min-width:768px){.elementor-widget-image-box.elementor-position-left .elementor-image-box-wrapper,.elementor-widget-image-box.elementor-position-right .elementor-image-box-wrapper{display:flex}.elementor-widget-image-box.elementor-position-right .elementor-image-box-wrapper{text-align:right;flex-direction:row-reverse}.elementor-widget-image-box.elementor-position-left .elementor-image-box-wrapper{text-align:left;flex-direction:row}.elementor-widget-image-box.elementor-position-top .elementor-image-box-img{margin:auto}.elementor-widget-image-box.elementor-vertical-align-top .elementor-image-box-wrapper{align-items:flex-start}.elementor-widget-image-box.elementor-vertical-align-middle .elementor-image-box-wrapper{align-items:center}.elementor-widget-image-box.elementor-vertical-align-bottom .elementor-image-box-wrapper{align-items:flex-end}}@media (max-width:767px){.elementor-widget-image-box .elementor-image-box-img{margin-left:auto!important;margin-right:auto!important;margin-bottom:15px}}.elementor-widget-image-box .elementor-image-box-img{display:inline-block}.elementor-widget-image-box .elementor-image-box-title a{color:inherit}.elementor-widget-image-box .elementor-image-box-wrapper{text-align:center}.elementor-widget-image-box .elementor-image-box-description{margin:0}<\/style><div class=\"elementor-image-box-wrapper\"><figure class=\"elementor-image-box-img\"><img decoding=\"async\" src=\"https:\/\/gesflex.com\/wp-content\/plugins\/elementor\/assets\/images\/placeholder.png\" title=\"\" alt=\"\" \/><\/figure><div class=\"elementor-image-box-content\"><h3 class=\"elementor-image-box-title\">Gest\u00e3o de contratos<\/h3><p class=\"elementor-image-box-description\">Consiste em receber do cliente os seus contratos de presta\u00e7\u00e3o de servi\u00e7o ou similares, contento valores e datas de pagamento. \nO gestor financeiro cadastra o contrato no sistema e fica respons\u00e1vel por emiss\u00e3o de notas, emiss\u00e3o de boletos e baixa dos recebimentos.<\/p><\/div><\/div>\t\t<\/div>\n\t\t\t\t<\/div>\n\t\t\t\t\t<\/div>\n\t\t<\/div>\n\t\t\t\t\t\t\t<\/div>\n\t\t<\/section>\n\t\t\t\t<section class=\"elementor-section elementor-top-section elementor-element elementor-element-5207e39 elementor-section-boxed elementor-section-height-default elementor-section-height-default\" data-id=\"5207e39\" data-element_type=\"section\">\n\t\t\t\t\t\t<div class=\"elementor-container elementor-column-gap-default\">\n\t\t\t\t\t<div class=\"elementor-column elementor-col-100 elementor-top-column elementor-element elementor-element-d9d03cd\" data-id=\"d9d03cd\" data-element_type=\"column\">\n\t\t\t<div class=\"elementor-widget-wrap elementor-element-populated\">\n\t\t\t\t\t\t\t\t<div class=\"elementor-element elementor-element-017710d elementor-position-right elementor-vertical-align-top elementor-widget elementor-widget-image-box\" data-id=\"017710d\" data-element_type=\"widget\" data-widget_type=\"image-box.default\">\n\t\t\t\t<div class=\"elementor-widget-container\">\n\t\t\t<div class=\"elementor-image-box-wrapper\"><figure class=\"elementor-image-box-img\"><img decoding=\"async\" src=\"https:\/\/gesflex.com\/wp-content\/plugins\/elementor\/assets\/images\/placeholder.png\" title=\"\" alt=\"\" \/><\/figure><div class=\"elementor-image-box-content\"><h3 class=\"elementor-image-box-title\">Cobran\u00e7a administrativa<\/h3><p class=\"elementor-image-box-description\">Em caso de inadimpl\u00eancia, ficamos respons\u00e1veis pela cobran\u00e7a administrativa.  A periodicidade e dura\u00e7\u00e3o dessa etapa \u00e9 definida conforme op\u00e7\u00e3o do cliente.<\/p><\/div><\/div>\t\t<\/div>\n\t\t\t\t<\/div>\n\t\t\t\t\t<\/div>\n\t\t<\/div>\n\t\t\t\t\t\t\t<\/div>\n\t\t<\/section>\n\t\t\t\t<section class=\"elementor-section elementor-top-section elementor-element elementor-element-c882a97 elementor-section-boxed elementor-section-height-default elementor-section-height-default\" data-id=\"c882a97\" data-element_type=\"section\">\n\t\t\t\t\t\t<div class=\"elementor-container elementor-column-gap-default\">\n\t\t\t\t\t<div class=\"elementor-column elementor-col-100 elementor-top-column elementor-element elementor-element-e530897\" data-id=\"e530897\" data-element_type=\"column\">\n\t\t\t<div class=\"elementor-widget-wrap elementor-element-populated\">\n\t\t\t\t\t\t\t\t<div class=\"elementor-element elementor-element-6979fcb elementor-position-left elementor-vertical-align-top elementor-widget elementor-widget-image-box\" data-id=\"6979fcb\" data-element_type=\"widget\" data-widget_type=\"image-box.default\">\n\t\t\t\t<div class=\"elementor-widget-container\">\n\t\t\t<div class=\"elementor-image-box-wrapper\"><figure class=\"elementor-image-box-img\"><img decoding=\"async\" src=\"https:\/\/gesflex.com\/wp-content\/plugins\/elementor\/assets\/images\/placeholder.png\" title=\"\" alt=\"\" \/><\/figure><div class=\"elementor-image-box-content\"><h3 class=\"elementor-image-box-title\">Inclus\u00e3o nos \u00f3rg\u00e3os de prote\u00e7\u00e3o ao cr\u00e9dito<\/h3><p class=\"elementor-image-box-description\">Persistindo a inadimpl\u00eancia, podemos fazer a inclus\u00e3o do devedor junto aos \u00f3rg\u00e3os de prote\u00e7\u00e3o ao cr\u00e9dito, esse procedimento acelera o processo de recebimento da d\u00edvida, e na maioria das vezes elimina a necessidade de cobran\u00e7a judicial.<br>Tamb\u00e9m realizamos a baixa do cadastro ao constatar o pagamento da d\u00edvida.<\/p><\/div><\/div>\t\t<\/div>\n\t\t\t\t<\/div>\n\t\t\t\t\t<\/div>\n\t\t<\/div>\n\t\t\t\t\t\t\t<\/div>\n\t\t<\/section>\n\t\t\t\t<section class=\"elementor-section elementor-top-section elementor-element elementor-element-2a52551 elementor-section-boxed elementor-section-height-default elementor-section-height-default\" data-id=\"2a52551\" data-element_type=\"section\">\n\t\t\t\t\t\t<div class=\"elementor-container elementor-column-gap-default\">\n\t\t\t\t\t<div class=\"elementor-column elementor-col-100 elementor-top-column elementor-element elementor-element-24e4b53\" data-id=\"24e4b53\" data-element_type=\"column\">\n\t\t\t<div class=\"elementor-widget-wrap elementor-element-populated\">\n\t\t\t\t\t\t\t\t<div class=\"elementor-element elementor-element-21acd95 elementor-position-right elementor-vertical-align-top elementor-widget elementor-widget-image-box\" data-id=\"21acd95\" data-element_type=\"widget\" data-widget_type=\"image-box.default\">\n\t\t\t\t<div class=\"elementor-widget-container\">\n\t\t\t<div class=\"elementor-image-box-wrapper\"><figure class=\"elementor-image-box-img\"><img decoding=\"async\" src=\"https:\/\/gesflex.com\/wp-content\/plugins\/elementor\/assets\/images\/placeholder.png\" title=\"\" alt=\"\" \/><\/figure><div class=\"elementor-image-box-content\"><h3 class=\"elementor-image-box-title\">Cobran\u00e7a judicial<\/h3><p class=\"elementor-image-box-description\">Esgotadas todas as medidas administrativas, poder\u00e1 ser necess\u00e1rio cobrar judicialmente. Para esta etapa separamos toda a documenta\u00e7\u00e3o necess\u00e1ria ao processo, incluindo o hist\u00f3rico de cobran\u00e7a administrativa, facilitando assim o trabalho do advogado.<\/p><\/div><\/div>\t\t<\/div>\n\t\t\t\t<\/div>\n\t\t\t\t\t<\/div>\n\t\t<\/div>\n\t\t\t\t\t\t\t<\/div>\n\t\t<\/section>\n\t\t\t\t\t\t\t<\/div>\n\t\t","protected":false},"excerpt":{"rendered":"<p>Procedimentos de cobran\u00e7a: Trata-se de uma parte essencial do neg\u00f3cio, mas poucos profissionais gostam de executar. Engenheiros tiveram que lidar com uma s\u00e9rie de temas complexos na universidade, mas dificilmente tiveram uma \u00e1rea sobre como cobrar os seus clientes. A sorte desses profissionais \u00e9 que estamos falando de um servi\u00e7o de simples terceiriza\u00e7\u00e3o, e normalmente&hellip;&nbsp;<a href=\"https:\/\/gesflex.com\/?page_id=113\" class=\"\" rel=\"bookmark\">Read More &raquo;<span class=\"screen-reader-text\">Cobran\u00e7a<\/span><\/a><\/p>\n","protected":false},"author":1,"featured_media":0,"parent":0,"menu_order":0,"comment_status":"closed","ping_status":"closed","template":"page-templates\/template-pagebuilder-full-width.php","meta":{"neve_meta_sidebar":"","neve_meta_container":"","neve_meta_enable_content_width":"","neve_meta_content_width":0,"neve_meta_title_alignment":"","neve_meta_author_avatar":"","neve_post_elements_order":"","neve_meta_disable_header":"","neve_meta_disable_footer":"","neve_meta_disable_title":""},"_links":{"self":[{"href":"https:\/\/gesflex.com\/index.php?rest_route=\/wp\/v2\/pages\/113"}],"collection":[{"href":"https:\/\/gesflex.com\/index.php?rest_route=\/wp\/v2\/pages"}],"about":[{"href":"https:\/\/gesflex.com\/index.php?rest_route=\/wp\/v2\/types\/page"}],"author":[{"embeddable":true,"href":"https:\/\/gesflex.com\/index.php?rest_route=\/wp\/v2\/users\/1"}],"replies":[{"embeddable":true,"href":"https:\/\/gesflex.com\/index.php?rest_route=%2Fwp%2Fv2%2Fcomments&post=113"}],"version-history":[{"count":10,"href":"https:\/\/gesflex.com\/index.php?rest_route=\/wp\/v2\/pages\/113\/revisions"}],"predecessor-version":[{"id":130,"href":"https:\/\/gesflex.com\/index.php?rest_route=\/wp\/v2\/pages\/113\/revisions\/130"}],"wp:attachment":[{"href":"https:\/\/gesflex.com\/index.php?rest_route=%2Fwp%2Fv2%2Fmedia&parent=113"}],"curies":[{"name":"wp","href":"https:\/\/api.w.org\/{rel}","templated":true}]}}