{"id":6,"date":"2022-12-26T13:24:36","date_gmt":"2022-12-26T13:24:36","guid":{"rendered":"http:\/\/gesflex.com\/?page_id=6"},"modified":"2022-12-30T17:50:29","modified_gmt":"2022-12-30T17:50:29","slug":"home","status":"publish","type":"page","link":"https:\/\/gesflex.com\/","title":{"rendered":"Home"},"content":{"rendered":"\n<div class=\"wp-block-cover alignfull is-light has-parallax\" style=\"min-height:700px\"><span aria-hidden=\"true\" class=\"wp-block-cover__background has-background-dim-0 has-background-dim\"><\/span><div role=\"img\" class=\"wp-block-cover__image-background wp-image-163 has-parallax\" style=\"background-position:50% 50%;background-image:url(https:\/\/gesflex.com\/wp-content\/uploads\/2022\/12\/principal1.jpg)\"><\/div><div class=\"wp-block-cover__inner-container\">\n<div style=\"height:80px\" aria-hidden=\"true\" class=\"wp-block-spacer\"><\/div>\n\n\n\n<h1 class=\"has-text-align-center has-nv-site-bg-color has-text-color has-x-large-font-size\">J\u00e1 pensou em terceirizar a gest\u00e3o financeira da sua empresa?<\/h1>\n\n\n\n<p class=\"has-text-align-center has-nv-site-bg-color has-text-color\" style=\"font-size:17px\">Auxiliamos pequenas e m\u00e9dias empresas com emiss\u00e3o de notas fiscais e boletos, procedimentos de cobran\u00e7a e envio de documenta\u00e7\u00e3o financeira para o escrit\u00f3rio cont\u00e1bil.<\/p>\n\n\n\n<div style=\"height:80px\" aria-hidden=\"true\" class=\"wp-block-spacer\"><\/div>\n\n\n\n<div style=\"height:80px\" aria-hidden=\"true\" class=\"wp-block-spacer\"><\/div>\n\n\n\n<p><\/p>\n<\/div><\/div>\n\n\n\n<div style=\"height:100px\" aria-hidden=\"true\" class=\"wp-block-spacer\"><\/div>\n\n\n\n<div class=\"is-layout-flex wp-container-6 wp-block-columns\">\n<div class=\"is-layout-flow wp-block-column\">\n<figure class=\"is-layout-flex wp-block-gallery-1 wp-block-gallery aligncenter has-nested-images columns-default is-cropped\"><div class=\"wp-block-image icon-style is-style-default\">\n<figure class=\"aligncenter\"><img decoding=\"async\" src=\"https:\/\/gesflex.com\/wp-content\/themes\/neve\/assets\/img\/starter-content\/icon-03.svg\" alt=\"\"\/><\/figure><\/div><\/figure>\n\n\n\n<h3 class=\"has-text-align-center has-neve-text-color-color has-text-color\">Gest\u00e3o Financeira<\/h3>\n\n\n\n<p class=\"has-text-align-center\">Tenha o controle da sua empresa, atrav\u00e9s de processos organizados e relat\u00f3rios de resultados.<\/p>\n\n\n\n<div style=\"height:20px\" aria-hidden=\"true\" class=\"wp-block-spacer\"><\/div>\n<\/div>\n\n\n\n<div class=\"is-layout-flow wp-block-column\"><div class=\"wp-block-image icon-style is-style-default\">\n<figure class=\"aligncenter is-resized\"><img decoding=\"async\" loading=\"lazy\" src=\"https:\/\/gesflex.com\/wp-content\/themes\/neve\/assets\/img\/starter-content\/icon-02.svg\" alt=\"\" width=\"48\" height=\"48\"\/><\/figure><\/div>\n\n\n<h3 class=\"has-text-align-center has-neve-text-color-color has-text-color\">Processo Simplificado<\/h3>\n\n\n\n<p class=\"has-text-align-center\">Tenha um gestor financeiro dispon\u00edvel para realizar suas opera\u00e7\u00f5es, opere apenas o app do seu banco.<\/p>\n\n\n\n<div style=\"height:20px\" aria-hidden=\"true\" class=\"wp-block-spacer\"><\/div>\n<\/div>\n\n\n\n<div class=\"is-layout-flow wp-block-column\"><div class=\"wp-block-image icon-style is-style-rounded\">\n<figure class=\"aligncenter\"><img decoding=\"async\" src=\"https:\/\/gesflex.com\/wp-content\/themes\/neve\/assets\/img\/starter-content\/icon-01.svg\" alt=\"\"\/><\/figure><\/div>\n\n\n<h3 class=\"has-text-align-center has-neve-text-color-color has-text-color\">Terceiriza\u00e7\u00e3o de Cobran\u00e7a<\/h3>\n\n\n\n<p class=\"has-text-align-center\">Terceirize suas cobran\u00e7as administrativas e judiciais e n\u00e3o se preocupe mais em cobrar seus devedores.<\/p>\n\n\n\n<div style=\"height:20px\" aria-hidden=\"true\" class=\"wp-block-spacer\"><\/div>\n<\/div>\n<\/div>\n\n\n\n<div style=\"height:80px\" aria-hidden=\"true\" class=\"wp-block-spacer\"><\/div>\n\n\n\n<div class=\"wp-block-cover alignfull\" style=\"min-height:600px\"><span aria-hidden=\"true\" class=\"wp-block-cover__background has-nv-light-bg-background-color has-background-dim-100 has-background-dim\"><\/span><div class=\"wp-block-cover__inner-container\">\n<div class=\"is-layout-flow wp-block-group\"><div class=\"wp-block-group__inner-container\">\n<div class=\"is-layout-flex wp-container-10 wp-block-columns are-vertically-aligned-center\">\n<div class=\"is-layout-flow wp-block-column is-vertically-aligned-center\" style=\"flex-basis:50%\">\n<figure class=\"wp-block-image size-large is-style-default\"><img decoding=\"async\" loading=\"lazy\" width=\"1024\" height=\"724\" src=\"https:\/\/gesflex.com\/wp-content\/uploads\/2022\/12\/gestaofin-1024x724.jpg\" alt=\"\" class=\"wp-image-164\" srcset=\"https:\/\/gesflex.com\/wp-content\/uploads\/2022\/12\/gestaofin-1024x724.jpg 1024w, https:\/\/gesflex.com\/wp-content\/uploads\/2022\/12\/gestaofin-300x212.jpg 300w, https:\/\/gesflex.com\/wp-content\/uploads\/2022\/12\/gestaofin-768x543.jpg 768w, https:\/\/gesflex.com\/wp-content\/uploads\/2022\/12\/gestaofin.jpg 1280w\" sizes=\"(max-width: 1024px) 100vw, 1024px\" \/><\/figure>\n<\/div>\n\n\n\n<div class=\"is-layout-flow wp-block-column is-vertically-aligned-center\" style=\"flex-basis:50%\">\n<div style=\"height:20px\" aria-hidden=\"true\" class=\"wp-block-spacer\"><\/div>\n\n\n\n<h2 class=\"has-text-align-left has-neve-text-color-color has-text-color\">Gest\u00e3o Financeira<\/h2>\n\n\n\n<p class=\"has-text-align-left has-neve-text-color-color has-text-color\" style=\"font-size:17px\">Controle de contratos, contas \u00e0 pagar e receber, emiss\u00e3o de notas e boletos, concilia\u00e7\u00e3o banc\u00e1ria, relat\u00f3rios de gerenciamento.<\/p>\n\n\n\n<div class=\"is-content-justification-left is-layout-flex wp-container-8 wp-block-buttons\">\n<div class=\"wp-block-button is-style-primary\"><a class=\"wp-block-button__link wp-element-button\" href=\"?page_id=97\">SAIBA MAIS<\/a><\/div>\n<\/div>\n<\/div>\n<\/div>\n<\/div><\/div>\n<\/div><\/div>\n\n\n\n<div class=\"wp-block-cover alignfull\" style=\"min-height:480px\"><span aria-hidden=\"true\" class=\"wp-block-cover__background has-nv-site-bg-background-color has-background-dim-100 has-background-dim\"><\/span><div class=\"wp-block-cover__inner-container\">\n<div class=\"is-layout-flow wp-block-group\"><div class=\"wp-block-group__inner-container\">\n<div class=\"is-layout-flex wp-container-15 wp-block-columns are-vertically-aligned-center\">\n<div class=\"is-layout-flow wp-block-column is-vertically-aligned-center\" style=\"flex-basis:50%\">\n<h2 class=\"has-text-align-left has-neve-text-color-color has-text-color\">Cobran\u00e7a<\/h2>\n\n\n\n<p class=\"has-text-align-left has-neve-text-color-color has-text-color\" style=\"font-size:17px\">Foque na atividade da sua empresa, conquiste novos clientes e n\u00e3o se preocupe em cobrar seus clientes, deixe essa parte conosco. <\/p>\n\n\n\n<p><\/p>\n\n\n\n<div class=\"is-content-justification-left is-layout-flex wp-container-12 wp-block-buttons\">\n<div class=\"wp-block-button is-style-primary\"><a class=\"wp-block-button__link wp-element-button\" href=\"?page_id=113\">SAIBA MAIS<\/a><\/div>\n<\/div>\n\n\n\n<div style=\"height:40px\" aria-hidden=\"true\" class=\"wp-block-spacer\"><\/div>\n<\/div>\n\n\n\n<div class=\"is-layout-flow wp-block-column is-vertically-aligned-center\" style=\"flex-basis:50%\">\n<figure class=\"wp-block-image size-large\"><img decoding=\"async\" loading=\"lazy\" width=\"1024\" height=\"682\" src=\"https:\/\/gesflex.com\/wp-content\/uploads\/2022\/12\/cobranca-1024x682.jpg\" alt=\"\" class=\"wp-image-165\" srcset=\"https:\/\/gesflex.com\/wp-content\/uploads\/2022\/12\/cobranca-1024x682.jpg 1024w, https:\/\/gesflex.com\/wp-content\/uploads\/2022\/12\/cobranca-300x200.jpg 300w, https:\/\/gesflex.com\/wp-content\/uploads\/2022\/12\/cobranca-768x512.jpg 768w, https:\/\/gesflex.com\/wp-content\/uploads\/2022\/12\/cobranca-930x620.jpg 930w, https:\/\/gesflex.com\/wp-content\/uploads\/2022\/12\/cobranca.jpg 1280w\" sizes=\"(max-width: 1024px) 100vw, 1024px\" \/><\/figure>\n<\/div>\n<\/div>\n<\/div><\/div>\n<\/div><\/div>\n\n\n\n<div class=\"wp-block-cover alignfull\" style=\"min-height:600px\"><span aria-hidden=\"true\" class=\"wp-block-cover__background has-nv-light-bg-background-color has-background-dim-100 has-background-dim\"><\/span><div class=\"wp-block-cover__inner-container\">\n<div class=\"is-layout-flow wp-block-group\"><div class=\"wp-block-group__inner-container\">\n<div style=\"height:80px\" aria-hidden=\"true\" class=\"wp-block-spacer\"><\/div>\n\n\n\n<div class=\"is-layout-flex wp-container-20 wp-block-columns are-vertically-aligned-center\">\n<div class=\"is-layout-flow wp-block-column is-vertically-aligned-center\" style=\"flex-basis:50%\">\n<figure class=\"wp-block-image\"><img decoding=\"async\" src=\"https:\/\/gesflex.com\/wp-content\/themes\/neve\/assets\/img\/starter-content\/card-03.jpg\" alt=\"\"\/><\/figure>\n<\/div>\n\n\n\n<div class=\"is-layout-flow wp-block-column is-vertically-aligned-center\" style=\"flex-basis:50%\">\n<div style=\"height:40px\" aria-hidden=\"true\" class=\"wp-block-spacer\"><\/div>\n\n\n\n<h2 class=\"has-text-align-left has-neve-text-color-color has-text-color\">Fazemos a ponte com seu contador.<\/h2>\n\n\n\n<p class=\"has-text-align-left has-neve-text-color-color has-text-color\" style=\"font-size:17px\">Sabe aqueles documentos que seu contador cobra todo m\u00eas? N\u00f3s organizamos e entregamos, nossos gestores financeiros tamb\u00e9m s\u00e3o contadores e est\u00e3o preparados para atender o respons\u00e1vel cont\u00e1bil pela sua empresa. <\/p>\n\n\n\n<div class=\"is-content-justification-left is-layout-flex wp-container-18 wp-block-buttons\">\n<div class=\"wp-block-button is-style-primary\"><a class=\"wp-block-button__link wp-element-button\" href=\"?page_id=133\">SAIBA MAIS<\/a><\/div>\n<\/div>\n<\/div>\n<\/div>\n\n\n\n<div style=\"height:40px\" aria-hidden=\"true\" class=\"wp-block-spacer\"><\/div>\n<\/div><\/div>\n<\/div><\/div>\n\n\n\n<div class=\"wp-block-cover alignfull\" style=\"min-height:300px\"><span aria-hidden=\"true\" class=\"wp-block-cover__background has-nv-dark-bg-background-color has-background-dim-100 has-background-dim\"><\/span><div class=\"wp-block-cover__inner-container\">\n<div style=\"height:140px\" aria-hidden=\"true\" class=\"wp-block-spacer\"><\/div>\n\n\n\n<h2 class=\"has-text-align-center has-nv-text-dark-bg-color has-text-color\">Estaremos dispon\u00edveis em Breve!<\/h2>\n\n\n\n<p class=\"has-text-align-center has-medium-font-size\">Nossa empresa est\u00e1 em desenvolvimento, nossa equipe estar\u00e1 dispon\u00edvel em janeiro de 2023.<\/p>\n\n\n\n<div style=\"height:140px\" aria-hidden=\"true\" class=\"wp-block-spacer\"><\/div>\n<\/div><\/div>\n","protected":false},"excerpt":{"rendered":"<p>Gest\u00e3o Financeira Tenha o controle da sua empresa, atrav\u00e9s de processos organizados e relat\u00f3rios de resultados. Processo Simplificado Tenha um gestor financeiro dispon\u00edvel para realizar suas opera\u00e7\u00f5es, opere apenas o app do seu banco. Terceiriza\u00e7\u00e3o de Cobran\u00e7a Terceirize suas cobran\u00e7as administrativas e judiciais e n\u00e3o se preocupe mais em cobrar seus devedores.<\/p>\n","protected":false},"author":1,"featured_media":0,"parent":0,"menu_order":0,"comment_status":"closed","ping_status":"closed","template":"","meta":{"neve_meta_sidebar":"","neve_meta_container":"","neve_meta_enable_content_width":"on","neve_meta_content_width":100,"neve_meta_title_alignment":"","neve_meta_author_avatar":"","neve_post_elements_order":"","neve_meta_disable_header":"","neve_meta_disable_footer":"","neve_meta_disable_title":"on"},"_links":{"self":[{"href":"https:\/\/gesflex.com\/index.php?rest_route=\/wp\/v2\/pages\/6"}],"collection":[{"href":"https:\/\/gesflex.com\/index.php?rest_route=\/wp\/v2\/pages"}],"about":[{"href":"https:\/\/gesflex.com\/index.php?rest_route=\/wp\/v2\/types\/page"}],"author":[{"embeddable":true,"href":"https:\/\/gesflex.com\/index.php?rest_route=\/wp\/v2\/users\/1"}],"replies":[{"embeddable":true,"href":"https:\/\/gesflex.com\/index.php?rest_route=%2Fwp%2Fv2%2Fcomments&post=6"}],"version-history":[{"count":15,"href":"https:\/\/gesflex.com\/index.php?rest_route=\/wp\/v2\/pages\/6\/revisions"}],"predecessor-version":[{"id":170,"href":"https:\/\/gesflex.com\/index.php?rest_route=\/wp\/v2\/pages\/6\/revisions\/170"}],"wp:attachment":[{"href":"https:\/\/gesflex.com\/index.php?rest_route=%2Fwp%2Fv2%2Fmedia&parent=6"}],"curies":[{"name":"wp","href":"https:\/\/api.w.org\/{rel}","templated":true}]}}