{"id":7,"date":"2022-12-26T13:24:36","date_gmt":"2022-12-26T13:24:36","guid":{"rendered":"http:\/\/gesflex.com\/?page_id=7"},"modified":"2023-01-02T12:33:12","modified_gmt":"2023-01-02T12:33:12","slug":"about","status":"publish","type":"page","link":"https:\/\/gesflex.com\/?page_id=7","title":{"rendered":"Sobre"},"content":{"rendered":"\t\t<div data-elementor-type=\"wp-page\" data-elementor-id=\"7\" class=\"elementor elementor-7\">\n\t\t\t\t\t\t\t\t\t<section class=\"elementor-section elementor-top-section elementor-element elementor-element-cfa7be5 elementor-section-boxed elementor-section-height-default elementor-section-height-default\" data-id=\"cfa7be5\" data-element_type=\"section\">\n\t\t\t\t\t\t<div class=\"elementor-container elementor-column-gap-default\">\n\t\t\t\t\t<div class=\"elementor-column elementor-col-100 elementor-top-column elementor-element elementor-element-7cb8edc\" data-id=\"7cb8edc\" data-element_type=\"column\">\n\t\t\t<div class=\"elementor-widget-wrap elementor-element-populated\">\n\t\t\t\t\t\t\t\t<div class=\"elementor-element elementor-element-c099772 elementor-position-top elementor-vertical-align-top elementor-widget elementor-widget-image-box\" data-id=\"c099772\" data-element_type=\"widget\" data-widget_type=\"image-box.default\">\n\t\t\t\t<div class=\"elementor-widget-container\">\n\t\t\t<style>\/*! elementor - v3.9.2 - 21-12-2022 *\/\n.elementor-widget-image-box .elementor-image-box-content{width:100%}@media (min-width:768px){.elementor-widget-image-box.elementor-position-left .elementor-image-box-wrapper,.elementor-widget-image-box.elementor-position-right .elementor-image-box-wrapper{display:flex}.elementor-widget-image-box.elementor-position-right .elementor-image-box-wrapper{text-align:right;flex-direction:row-reverse}.elementor-widget-image-box.elementor-position-left .elementor-image-box-wrapper{text-align:left;flex-direction:row}.elementor-widget-image-box.elementor-position-top .elementor-image-box-img{margin:auto}.elementor-widget-image-box.elementor-vertical-align-top .elementor-image-box-wrapper{align-items:flex-start}.elementor-widget-image-box.elementor-vertical-align-middle .elementor-image-box-wrapper{align-items:center}.elementor-widget-image-box.elementor-vertical-align-bottom .elementor-image-box-wrapper{align-items:flex-end}}@media (max-width:767px){.elementor-widget-image-box .elementor-image-box-img{margin-left:auto!important;margin-right:auto!important;margin-bottom:15px}}.elementor-widget-image-box .elementor-image-box-img{display:inline-block}.elementor-widget-image-box .elementor-image-box-title a{color:inherit}.elementor-widget-image-box .elementor-image-box-wrapper{text-align:center}.elementor-widget-image-box .elementor-image-box-description{margin:0}<\/style><div class=\"elementor-image-box-wrapper\"><figure class=\"elementor-image-box-img\"><img decoding=\"async\" width=\"628\" height=\"487\" src=\"https:\/\/gesflex.com\/wp-content\/uploads\/2023\/01\/sobre.jpg\" class=\"attachment-full size-full wp-image-172\" alt=\"\" loading=\"lazy\" srcset=\"https:\/\/gesflex.com\/wp-content\/uploads\/2023\/01\/sobre.jpg 628w, https:\/\/gesflex.com\/wp-content\/uploads\/2023\/01\/sobre-300x233.jpg 300w\" sizes=\"(max-width: 628px) 100vw, 628px\" \/><\/figure><div class=\"elementor-image-box-content\"><h3 class=\"elementor-image-box-title\">Sobre n\u00f3s<\/h3><p class=\"elementor-image-box-description\">A Gesflex foi fundada por um contador e uma advogada ap\u00f3s a seguinte observa\u00e7\u00e3o: <\/br>\n\"H\u00e1 um pequeno abismo entre n\u00f3s e nossos clientes, n\u00e3o h\u00e1 em nossa equipe ou na equipe do cliente, um profissional que entenda com clareza as rotinas e processos de ambas as partes\".\n <\/br>\nEssa observa\u00e7\u00e3o deu in\u00edcio ao desenvolvimento do produto, um conjunto de rotinas e ferramentas de presta\u00e7\u00e3o de servi\u00e7o que atendesse 3 pilares: a pequena e m\u00e9dia empresa, o escrit\u00f3rio cont\u00e1bil e o escrit\u00f3rio de advocacia com foco em cobran\u00e7a.\n<\/br><\/br>\nPILAR 1<\/br>\n<b>Pequenas e m\u00e9dias empresas:<\/b><\/br>\nFornecemos um conjunto de servi\u00e7os necess\u00e1rios para qualquer tipo de empresa (emiss\u00e3o de documentos fiscais e boletos, controle de contas \u00e0 pagar e receber, controle de devedores, relat\u00f3rios financeiros e outras funcionalidades).\n<\/br><\/br>\nPILAR 2<\/br>\n<b>O escrit\u00f3rio cont\u00e1bil:<\/b>\n<\/br>\nEnviamos para o escrit\u00f3rio cont\u00e1bil  aquelas informa\u00e7\u00f5es que nem todo empres\u00e1rio est\u00e1 preparado para enviar, tais como relat\u00f3rios financeiros, extratos banc\u00e1rios conciliados e documentos fiscais,  tudo no prazo, detalhado da forma que o contador sempre sonhou.\n<\/br><\/br>\nPILAR 3<\/br>\n<b>O escrit\u00f3rio de cobran\u00e7as:<\/b>\n<\/br>\nNem toda empresa conta com a praticidade de terceirizar seus servi\u00e7os de cobran\u00e7a. Essa tarefa muitas vezes coloca o empres\u00e1rio em situa\u00e7\u00f5es desagrad\u00e1veis com o cliente.\nTerceirizar esse servi\u00e7o resulta em maior organiza\u00e7\u00e3o e profissionalismo, al\u00e9m de diminuir significativamente o n\u00famero de devedores.\n<\/br><\/br>\nEsses s\u00e3o os pilares que edificam a Gesflex; um conjunto de servi\u00e7os organizados de forma inteligente, com o objetivo de gerar resultados da maneira mais econ\u00f4mica poss\u00edvel. <\/p><\/div><\/div>\t\t<\/div>\n\t\t\t\t<\/div>\n\t\t\t\t\t<\/div>\n\t\t<\/div>\n\t\t\t\t\t\t\t<\/div>\n\t\t<\/section>\n\t\t\t\t\t\t\t<\/div>\n\t\t","protected":false},"excerpt":{"rendered":"<p>Sobre n\u00f3s A Gesflex foi fundada por um contador e uma advogada ap\u00f3s a seguinte observa\u00e7\u00e3o: &#8220;H\u00e1 um pequeno abismo entre n\u00f3s e nossos clientes, n\u00e3o h\u00e1 em nossa equipe ou na equipe do cliente, um profissional que entenda com clareza as rotinas e processos de ambas as partes&#8221;. Essa observa\u00e7\u00e3o deu in\u00edcio ao desenvolvimento&hellip;&nbsp;<a href=\"https:\/\/gesflex.com\/?page_id=7\" class=\"\" rel=\"bookmark\">Read More &raquo;<span class=\"screen-reader-text\">Sobre<\/span><\/a><\/p>\n","protected":false},"author":1,"featured_media":0,"parent":0,"menu_order":0,"comment_status":"closed","ping_status":"closed","template":"","meta":{"neve_meta_sidebar":"","neve_meta_container":"","neve_meta_enable_content_width":"on","neve_meta_content_width":100,"neve_meta_title_alignment":"","neve_meta_author_avatar":"","neve_post_elements_order":"","neve_meta_disable_header":"","neve_meta_disable_footer":"","neve_meta_disable_title":"on"},"_links":{"self":[{"href":"https:\/\/gesflex.com\/index.php?rest_route=\/wp\/v2\/pages\/7"}],"collection":[{"href":"https:\/\/gesflex.com\/index.php?rest_route=\/wp\/v2\/pages"}],"about":[{"href":"https:\/\/gesflex.com\/index.php?rest_route=\/wp\/v2\/types\/page"}],"author":[{"embeddable":true,"href":"https:\/\/gesflex.com\/index.php?rest_route=\/wp\/v2\/users\/1"}],"replies":[{"embeddable":true,"href":"https:\/\/gesflex.com\/index.php?rest_route=%2Fwp%2Fv2%2Fcomments&post=7"}],"version-history":[{"count":35,"href":"https:\/\/gesflex.com\/index.php?rest_route=\/wp\/v2\/pages\/7\/revisions"}],"predecessor-version":[{"id":178,"href":"https:\/\/gesflex.com\/index.php?rest_route=\/wp\/v2\/pages\/7\/revisions\/178"}],"wp:attachment":[{"href":"https:\/\/gesflex.com\/index.php?rest_route=%2Fwp%2Fv2%2Fmedia&parent=7"}],"curies":[{"name":"wp","href":"https:\/\/api.w.org\/{rel}","templated":true}]}}