{"id":97,"date":"2022-12-27T18:19:28","date_gmt":"2022-12-27T18:19:28","guid":{"rendered":"http:\/\/gesflex.com\/?page_id=97"},"modified":"2022-12-29T14:17:10","modified_gmt":"2022-12-29T14:17:10","slug":"gestao-financeira","status":"publish","type":"page","link":"https:\/\/gesflex.com\/?page_id=97","title":{"rendered":"Gest\u00e3o Financeira"},"content":{"rendered":"\t\t<div data-elementor-type=\"wp-page\" data-elementor-id=\"97\" class=\"elementor elementor-97\">\n\t\t\t\t\t\t\t\t\t<section class=\"elementor-section elementor-top-section elementor-element elementor-element-3f9b08f elementor-section-boxed elementor-section-height-default elementor-section-height-default\" data-id=\"3f9b08f\" data-element_type=\"section\">\n\t\t\t\t\t\t<div class=\"elementor-container elementor-column-gap-default\">\n\t\t\t\t\t<div class=\"elementor-column elementor-col-100 elementor-top-column elementor-element elementor-element-f0a531c\" data-id=\"f0a531c\" data-element_type=\"column\">\n\t\t\t<div class=\"elementor-widget-wrap elementor-element-populated\">\n\t\t\t\t\t\t\t\t<div class=\"elementor-element elementor-element-b7705c4 elementor-widget elementor-widget-text-editor\" data-id=\"b7705c4\" data-element_type=\"widget\" data-widget_type=\"text-editor.default\">\n\t\t\t\t<div class=\"elementor-widget-container\">\n\t\t\t<style>\/*! elementor - v3.9.2 - 21-12-2022 *\/\n.elementor-widget-text-editor.elementor-drop-cap-view-stacked .elementor-drop-cap{background-color:#818a91;color:#fff}.elementor-widget-text-editor.elementor-drop-cap-view-framed .elementor-drop-cap{color:#818a91;border:3px solid;background-color:transparent}.elementor-widget-text-editor:not(.elementor-drop-cap-view-default) .elementor-drop-cap{margin-top:8px}.elementor-widget-text-editor:not(.elementor-drop-cap-view-default) .elementor-drop-cap-letter{width:1em;height:1em}.elementor-widget-text-editor .elementor-drop-cap{float:left;text-align:center;line-height:1;font-size:50px}.elementor-widget-text-editor .elementor-drop-cap-letter{display:inline-block}<\/style>\t\t\t\t<h3 class=\"elementor-heading-title elementor-size-default elementor-inline-editing pen\" style=\"font-size: var(--h3fontsize); font-weight: var( --e-global-typography-primary-font-weight ); font-family: var( --e-global-typography-primary-font-family ), Sans-serif; letter-spacing: normal; text-transform: none; color: #000000;\" data-elementor-setting-key=\"title\" data-pen-placeholder=\"Type Here...\">Como funciona nosso processo de gest\u00e3o financeira?<\/h3><div>\u00a0<\/div><p><span style=\"color: var( --e-global-color-text ); font-family: var( --e-global-typography-text-font-family ), Sans-serif; font-size: var(--bodyfontsize); font-weight: var( --e-global-typography-text-font-weight ); letter-spacing: var(--bodyletterspacing); text-transform: var(--bodytexttransform);\">Nossos processos s\u00e3o personalizados para atender a necessidade de cada cliente ap\u00f3s definida a rotina, com base em padr\u00f5es ajust\u00e1veis.<\/span><\/p><p>Os processos de rotina costumam ter 2 participantes principais:<\/p><p>Gestor financeiro (Gesflex) &#8211; Opera o sistema de gest\u00e3o financeira, monitora as opera\u00e7\u00f5es da empresa, gera relat\u00f3rios.<\/p><p>Respons\u00e1vel financeiro (Cliente) &#8211; Quem conhece com detalhes as opera\u00e7\u00f5es da empresa, respons\u00e1vel pelas opera\u00e7\u00f5es banc\u00e1rias.<\/p>\t\t\t\t\t\t<\/div>\n\t\t\t\t<\/div>\n\t\t\t\t\t<\/div>\n\t\t<\/div>\n\t\t\t\t\t\t\t<\/div>\n\t\t<\/section>\n\t\t\t\t<section class=\"elementor-section elementor-top-section elementor-element elementor-element-6b64496 elementor-section-boxed elementor-section-height-default elementor-section-height-default\" data-id=\"6b64496\" data-element_type=\"section\">\n\t\t\t\t\t\t<div class=\"elementor-container elementor-column-gap-default\">\n\t\t\t\t\t<div class=\"elementor-column elementor-col-100 elementor-top-column elementor-element elementor-element-11673eb\" data-id=\"11673eb\" data-element_type=\"column\">\n\t\t\t<div class=\"elementor-widget-wrap elementor-element-populated\">\n\t\t\t\t\t\t\t\t<div class=\"elementor-element elementor-element-708fc39 elementor-position-left elementor-vertical-align-top elementor-widget elementor-widget-image-box\" data-id=\"708fc39\" data-element_type=\"widget\" data-widget_type=\"image-box.default\">\n\t\t\t\t<div class=\"elementor-widget-container\">\n\t\t\t<style>\/*! elementor - v3.9.2 - 21-12-2022 *\/\n.elementor-widget-image-box .elementor-image-box-content{width:100%}@media (min-width:768px){.elementor-widget-image-box.elementor-position-left .elementor-image-box-wrapper,.elementor-widget-image-box.elementor-position-right .elementor-image-box-wrapper{display:flex}.elementor-widget-image-box.elementor-position-right .elementor-image-box-wrapper{text-align:right;flex-direction:row-reverse}.elementor-widget-image-box.elementor-position-left .elementor-image-box-wrapper{text-align:left;flex-direction:row}.elementor-widget-image-box.elementor-position-top .elementor-image-box-img{margin:auto}.elementor-widget-image-box.elementor-vertical-align-top .elementor-image-box-wrapper{align-items:flex-start}.elementor-widget-image-box.elementor-vertical-align-middle .elementor-image-box-wrapper{align-items:center}.elementor-widget-image-box.elementor-vertical-align-bottom .elementor-image-box-wrapper{align-items:flex-end}}@media (max-width:767px){.elementor-widget-image-box .elementor-image-box-img{margin-left:auto!important;margin-right:auto!important;margin-bottom:15px}}.elementor-widget-image-box .elementor-image-box-img{display:inline-block}.elementor-widget-image-box .elementor-image-box-title a{color:inherit}.elementor-widget-image-box .elementor-image-box-wrapper{text-align:center}.elementor-widget-image-box .elementor-image-box-description{margin:0}<\/style><div class=\"elementor-image-box-wrapper\"><figure class=\"elementor-image-box-img\"><img decoding=\"async\" src=\"https:\/\/gesflex.com\/wp-content\/plugins\/elementor\/assets\/images\/placeholder.png\" title=\"\" alt=\"\" \/><\/figure><div class=\"elementor-image-box-content\"><h3 class=\"elementor-image-box-title\">Sincroniza\u00e7\u00e3o banc\u00e1ria<\/h3><p class=\"elementor-image-box-description\">Conectamos o sistema de gest\u00e3o financeira com o banco, com acesso restrito a \"apenas visualiza\u00e7\u00e3o\". Desta forma, temos acesso \u00e0s informa\u00e7\u00f5es financeiras, podendo categorizar e gerar relat\u00f3rios ( lembrando que n\u00e3o temos autoriza\u00e7\u00e3o para realizar quaisquer transa\u00e7\u00f5es banc\u00e1rias, tendo essa prerrogativa, apenas o contratante).<\/p><\/div><\/div>\t\t<\/div>\n\t\t\t\t<\/div>\n\t\t\t\t\t<\/div>\n\t\t<\/div>\n\t\t\t\t\t\t\t<\/div>\n\t\t<\/section>\n\t\t\t\t<section class=\"elementor-section elementor-top-section elementor-element elementor-element-299bc6c elementor-section-boxed elementor-section-height-default elementor-section-height-default\" data-id=\"299bc6c\" data-element_type=\"section\">\n\t\t\t\t\t\t<div class=\"elementor-container elementor-column-gap-default\">\n\t\t\t\t\t<div class=\"elementor-column elementor-col-100 elementor-top-column elementor-element elementor-element-f7ff033\" data-id=\"f7ff033\" data-element_type=\"column\">\n\t\t\t<div class=\"elementor-widget-wrap elementor-element-populated\">\n\t\t\t\t\t\t\t\t<div class=\"elementor-element elementor-element-cf9ea49 elementor-position-right elementor-vertical-align-top elementor-widget elementor-widget-image-box\" data-id=\"cf9ea49\" data-element_type=\"widget\" data-widget_type=\"image-box.default\">\n\t\t\t\t<div class=\"elementor-widget-container\">\n\t\t\t<div class=\"elementor-image-box-wrapper\"><figure class=\"elementor-image-box-img\"><img decoding=\"async\" src=\"https:\/\/gesflex.com\/wp-content\/plugins\/elementor\/assets\/images\/placeholder.png\" title=\"\" alt=\"\" \/><\/figure><div class=\"elementor-image-box-content\"><h3 class=\"elementor-image-box-title\">Categoriza\u00e7\u00e3o Financeira<\/h3><p class=\"elementor-image-box-description\">\u00c9 comum;  principalmente aos pequenos empres\u00e1rios, utilizar um \u00fanico sistema para gerir a empresa ( aplicativo do banco), o que resulta em pouco controle, j\u00e1 que o extrato totaliza apenas cr\u00e9ditos e d\u00e9bitos.\nO gestor financeiro utiliza um sistema mais completo, que trabalha com categoriza\u00e7\u00e3o, possibilitando um controle mais detalhado da movimenta\u00e7\u00e3o financeira da empresa, tornando muito mais f\u00e1cil a tomada de decis\u00e3o. \n <\/p><\/div><\/div>\t\t<\/div>\n\t\t\t\t<\/div>\n\t\t\t\t\t<\/div>\n\t\t<\/div>\n\t\t\t\t\t\t\t<\/div>\n\t\t<\/section>\n\t\t\t\t<section class=\"elementor-section elementor-top-section elementor-element elementor-element-9164034 elementor-section-boxed elementor-section-height-default elementor-section-height-default\" data-id=\"9164034\" data-element_type=\"section\">\n\t\t\t\t\t\t<div class=\"elementor-container elementor-column-gap-default\">\n\t\t\t\t\t<div class=\"elementor-column elementor-col-100 elementor-top-column elementor-element elementor-element-39c844a\" data-id=\"39c844a\" data-element_type=\"column\">\n\t\t\t<div class=\"elementor-widget-wrap elementor-element-populated\">\n\t\t\t\t\t\t\t\t<div class=\"elementor-element elementor-element-e1c6bda elementor-position-left elementor-vertical-align-top elementor-widget elementor-widget-image-box\" data-id=\"e1c6bda\" data-element_type=\"widget\" data-widget_type=\"image-box.default\">\n\t\t\t\t<div class=\"elementor-widget-container\">\n\t\t\t<div class=\"elementor-image-box-wrapper\"><figure class=\"elementor-image-box-img\"><img decoding=\"async\" src=\"https:\/\/gesflex.com\/wp-content\/plugins\/elementor\/assets\/images\/placeholder.png\" title=\"\" alt=\"\" \/><\/figure><div class=\"elementor-image-box-content\"><h3 class=\"elementor-image-box-title\">Tempestividade e comunica\u00e7\u00e3o<\/h3><p class=\"elementor-image-box-description\">O segredo para a gest\u00e3o eficaz \u00e9 tratar as informa\u00e7\u00f5es com agilidade (muitas vezes fatos n\u00e3o tratados no momento certo s\u00e3o esquecidos). Atrav\u00e9s da sincroniza\u00e7\u00e3o banc\u00e1ria o gestor ter\u00e1 acesso quase que imediato \u00e0s transa\u00e7\u00f5es, possibilitando a categoriza\u00e7\u00e3o de fatos previstos ou o contato com o gestor financeiro para entender ocorr\u00eancias que ainda n\u00e3o est\u00e3o previstas na rotina da empresa.<\/p><\/div><\/div>\t\t<\/div>\n\t\t\t\t<\/div>\n\t\t\t\t\t<\/div>\n\t\t<\/div>\n\t\t\t\t\t\t\t<\/div>\n\t\t<\/section>\n\t\t\t\t<section class=\"elementor-section elementor-top-section elementor-element elementor-element-e1c7b1d elementor-section-boxed elementor-section-height-default elementor-section-height-default\" data-id=\"e1c7b1d\" data-element_type=\"section\">\n\t\t\t\t\t\t<div class=\"elementor-container elementor-column-gap-default\">\n\t\t\t\t\t<div class=\"elementor-column elementor-col-100 elementor-top-column elementor-element elementor-element-a7b2437\" data-id=\"a7b2437\" data-element_type=\"column\">\n\t\t\t<div class=\"elementor-widget-wrap elementor-element-populated\">\n\t\t\t\t\t\t\t\t<div class=\"elementor-element elementor-element-51c171f elementor-position-right elementor-vertical-align-top elementor-widget elementor-widget-image-box\" data-id=\"51c171f\" data-element_type=\"widget\" data-widget_type=\"image-box.default\">\n\t\t\t\t<div class=\"elementor-widget-container\">\n\t\t\t<div class=\"elementor-image-box-wrapper\"><figure class=\"elementor-image-box-img\"><img decoding=\"async\" src=\"https:\/\/gesflex.com\/wp-content\/plugins\/elementor\/assets\/images\/placeholder.png\" title=\"\" alt=\"\" \/><\/figure><div class=\"elementor-image-box-content\"><h3 class=\"elementor-image-box-title\">Relat\u00f3rios de resultado<\/h3><p class=\"elementor-image-box-description\">Seria um desperd\u00edcio obter e categorizar as informa\u00e7\u00f5es e n\u00e3o fornecer ao empreendedor  os relat\u00f3rios de resultado.\nRelat\u00f3rios financeiros bem elaborados e categorizados, assim como os livros cont\u00e1beis, s\u00e3o \u00f3timas ferramentas para a tomada de decis\u00e3o.\nCom os relat\u00f3rios em m\u00e3os o empreendedor poder\u00e1 entender com detalhes seu fluxo financeiro, visto que gastos desnecess\u00e1rios saltam aos olhos e n\u00e3o \u00e9 incomum descobrir que determinada opera\u00e7\u00e3o n\u00e3o \u00e9 lucrativa para a empresa.<\/p><\/div><\/div>\t\t<\/div>\n\t\t\t\t<\/div>\n\t\t\t\t\t<\/div>\n\t\t<\/div>\n\t\t\t\t\t\t\t<\/div>\n\t\t<\/section>\n\t\t\t\t\t\t\t<\/div>\n\t\t","protected":false},"excerpt":{"rendered":"<p>Como funciona nosso processo de gest\u00e3o financeira? \u00a0 Nossos processos s\u00e3o personalizados para atender a necessidade de cada cliente ap\u00f3s definida a rotina, com base em padr\u00f5es ajust\u00e1veis. Os processos de rotina costumam ter 2 participantes principais: Gestor financeiro (Gesflex) &#8211; Opera o sistema de gest\u00e3o financeira, monitora as opera\u00e7\u00f5es da empresa, gera relat\u00f3rios. Respons\u00e1vel&hellip;&nbsp;<a href=\"https:\/\/gesflex.com\/?page_id=97\" class=\"\" rel=\"bookmark\">Read More &raquo;<span class=\"screen-reader-text\">Gest\u00e3o Financeira<\/span><\/a><\/p>\n","protected":false},"author":1,"featured_media":0,"parent":0,"menu_order":0,"comment_status":"closed","ping_status":"closed","template":"page-templates\/template-pagebuilder-full-width.php","meta":{"neve_meta_sidebar":"","neve_meta_container":"","neve_meta_enable_content_width":"","neve_meta_content_width":0,"neve_meta_title_alignment":"","neve_meta_author_avatar":"","neve_post_elements_order":"","neve_meta_disable_header":"","neve_meta_disable_footer":"","neve_meta_disable_title":""},"_links":{"self":[{"href":"https:\/\/gesflex.com\/index.php?rest_route=\/wp\/v2\/pages\/97"}],"collection":[{"href":"https:\/\/gesflex.com\/index.php?rest_route=\/wp\/v2\/pages"}],"about":[{"href":"https:\/\/gesflex.com\/index.php?rest_route=\/wp\/v2\/types\/page"}],"author":[{"embeddable":true,"href":"https:\/\/gesflex.com\/index.php?rest_route=\/wp\/v2\/users\/1"}],"replies":[{"embeddable":true,"href":"https:\/\/gesflex.com\/index.php?rest_route=%2Fwp%2Fv2%2Fcomments&post=97"}],"version-history":[{"count":14,"href":"https:\/\/gesflex.com\/index.php?rest_route=\/wp\/v2\/pages\/97\/revisions"}],"predecessor-version":[{"id":122,"href":"https:\/\/gesflex.com\/index.php?rest_route=\/wp\/v2\/pages\/97\/revisions\/122"}],"wp:attachment":[{"href":"https:\/\/gesflex.com\/index.php?rest_route=%2Fwp%2Fv2%2Fmedia&parent=97"}],"curies":[{"name":"wp","href":"https:\/\/api.w.org\/{rel}","templated":true}]}}